{"id":206,"date":"2016-01-01T01:28:48","date_gmt":"2016-01-01T00:28:48","guid":{"rendered":"http:\/\/www.waldspielplatz-boenninghardt.de\/?page_id=206"},"modified":"2025-01-19T12:51:17","modified_gmt":"2025-01-19T11:51:17","slug":"unser-verein","status":"publish","type":"page","link":"https:\/\/www.waldspielplatz-boenninghardt.de\/index.php\/unser-verein\/","title":{"rendered":"Verein"},"content":{"rendered":"<p>Der B\u00f6nninghardter F\u00f6rderverein f\u00fcr Naturschutz und Brauchtum e.V. ist ein Zusammenschluss der meisten B\u00f6nninghardter Vereine.<\/p>\n<p><strong>Derzeit sind folgende 9 B\u00f6nninghardter Vereine Mitglieder im F\u00f6rderverein:<\/strong><\/p>\n<p>BSV 1951 Rot-Wei\u00df B\u00f6nninghardt e. V.<br \/>\nB\u00fcrgersch\u00fctzenverein 1925 B\u00f6nninghardt e. V.<br \/>\nB\u00fcrgersch\u00fctzenverein Eintracht Vierquartieren 1885 e. V.<br \/>\nkfd B\u00f6nninghardt<br \/>\nJugendgruppe B\u00f6nninghardt e. V.<br \/>\nKirchenchor C\u00e4cilia B\u00f6nninghardt<br \/>\nSt. Martinskomitee B\u00f6nninghardt<br \/>\nTambourcorps 1949 B\u00f6nninghardt e. V.<br \/>\nF\u00f6rderverein St. Martin Kindertagesst\u00e4tte B\u00f6nninghardt<\/p>\n<p>Dar\u00fcberhinaus haben auch Einzelpersonen die M\u00f6glichkeit Mitglied zu werden.<\/p>\n<p>Die Vereine k\u00fcmmern sich haupts\u00e4chlich um den B\u00f6nninghardter Waldspielplatz und um die Plaggenh\u00fctte. Unter anderem wird Anfang des Jahres ein Waldfegen auf dem Spielplatz durchgef\u00fchrt.<\/p>\n<p><strong>Derzeit wird der Verein durch folgende Personen im Vorstand vertreten:<\/strong><\/p>\n<p>1. Vorsitzender: Alexander Kr\u00f6ll<br \/>\n2. Vorsitzender: Herbert Oymann<br \/>\nGesch\u00e4ftsf\u00fchrer: Werner Wollschl\u00e4ger<br \/>\nKassierer: Roland Jordan<\/p>\n","protected":false},"excerpt":{"rendered":"<p>Der B\u00f6nninghardter F\u00f6rderverein f\u00fcr Naturschutz und Brauchtum e.V. ist ein Zusammenschluss der meisten B\u00f6nninghardter Vereine. Derzeit sind folgende 9 B\u00f6nninghardter Vereine Mitglieder im F\u00f6rderverein: BSV 1951 Rot-Wei\u00df B\u00f6nninghardt e. V. B\u00fcrgersch\u00fctzenverein 1925 B\u00f6nninghardt e. V. B\u00fcrgersch\u00fctzenverein Eintracht Vierquartieren 1885 e. &hellip; <a href=\"https:\/\/www.waldspielplatz-boenninghardt.de\/index.php\/unser-verein\/\">Weiterlesen <span class=\"meta-nav\">&rarr;<\/span><\/a><\/p>\n","protected":false},"author":1,"featured_media":52,"parent":0,"menu_order":3,"comment_status":"closed","ping_status":"closed","template":"","meta":{"footnotes":""},"class_list":["post-206","page","type-page","status-publish","has-post-thumbnail","hentry"],"_links":{"self":[{"href":"https:\/\/www.waldspielplatz-boenninghardt.de\/index.php\/wp-json\/wp\/v2\/pages\/206","targetHints":{"allow":["GET"]}}],"collection":[{"href":"https:\/\/www.waldspielplatz-boenninghardt.de\/index.php\/wp-json\/wp\/v2\/pages"}],"about":[{"href":"https:\/\/www.waldspielplatz-boenninghardt.de\/index.php\/wp-json\/wp\/v2\/types\/page"}],"author":[{"embeddable":true,"href":"https:\/\/www.waldspielplatz-boenninghardt.de\/index.php\/wp-json\/wp\/v2\/users\/1"}],"replies":[{"embeddable":true,"href":"https:\/\/www.waldspielplatz-boenninghardt.de\/index.php\/wp-json\/wp\/v2\/comments?post=206"}],"version-history":[{"count":9,"href":"https:\/\/www.waldspielplatz-boenninghardt.de\/index.php\/wp-json\/wp\/v2\/pages\/206\/revisions"}],"predecessor-version":[{"id":5001,"href":"https:\/\/www.waldspielplatz-boenninghardt.de\/index.php\/wp-json\/wp\/v2\/pages\/206\/revisions\/5001"}],"wp:featuredmedia":[{"embeddable":true,"href":"https:\/\/www.waldspielplatz-boenninghardt.de\/index.php\/wp-json\/wp\/v2\/media\/52"}],"wp:attachment":[{"href":"https:\/\/www.waldspielplatz-boenninghardt.de\/index.php\/wp-json\/wp\/v2\/media?parent=206"}],"curies":[{"name":"wp","href":"https:\/\/api.w.org\/{rel}","templated":true}]}}