{"id":214,"date":"2016-01-08T13:26:09","date_gmt":"2016-01-08T12:26:09","guid":{"rendered":"http:\/\/www.waldspielplatz-boenninghardt.de\/?page_id=214"},"modified":"2023-10-20T06:53:33","modified_gmt":"2023-10-20T04:53:33","slug":"kiosk","status":"publish","type":"page","link":"https:\/\/www.waldspielplatz-boenninghardt.de\/index.php\/kiosk\/","title":{"rendered":"Waldb\u00fcdchen"},"content":{"rendered":"<p><a href=\"https:\/\/www.waldspielplatz-boenninghardt.de\/wp-content\/uploads\/2016\/01\/waldbuedchen_kellerbach_luftfoto.jpg\" rel=\"attachment wp-att-314\"><img loading=\"lazy\" decoding=\"async\" class=\"alignnone wp-image-314 size-large\" src=\"https:\/\/www.waldspielplatz-boenninghardt.de\/wp-content\/uploads\/2016\/01\/waldbuedchen_kellerbach_luftfoto-1500x880.jpg\" alt=\"waldbuedchen_kellerbach_luftfoto\" width=\"584\" height=\"343\" srcset=\"https:\/\/www.waldspielplatz-boenninghardt.de\/wp-content\/uploads\/2016\/01\/waldbuedchen_kellerbach_luftfoto.jpg 1500w, https:\/\/www.waldspielplatz-boenninghardt.de\/wp-content\/uploads\/2016\/01\/waldbuedchen_kellerbach_luftfoto-300x176.jpg 300w, https:\/\/www.waldspielplatz-boenninghardt.de\/wp-content\/uploads\/2016\/01\/waldbuedchen_kellerbach_luftfoto-500x293.jpg 500w\" sizes=\"auto, (max-width: 584px) 100vw, 584px\" \/><\/a><\/p>\n<p>Auf unserem Spielplatz befindet sich auch ein Kiosk, wo man Getr\u00e4nke und einige Speisen (u. a. leckeren selbst gebackenen Kuchen) kaufen kann. Ebenso k\u00f6nnen Biertischgarnituren mit Tischen und B\u00e4nken und ein Grill gegen ein Entgeld geliehen werden.<\/p>\n<p>&nbsp;<\/p>\n<p><img loading=\"lazy\" decoding=\"async\" class=\"alignnone size-medium wp-image-629\" src=\"https:\/\/www.waldspielplatz-boenninghardt.de\/wp-content\/uploads\/2022\/05\/IMG_20220503_125952-224x300.jpg\" alt=\"\" width=\"224\" height=\"300\" srcset=\"https:\/\/www.waldspielplatz-boenninghardt.de\/wp-content\/uploads\/2022\/05\/IMG_20220503_125952-224x300.jpg 224w, https:\/\/www.waldspielplatz-boenninghardt.de\/wp-content\/uploads\/2022\/05\/IMG_20220503_125952-1122x1500.jpg 1122w, https:\/\/www.waldspielplatz-boenninghardt.de\/wp-content\/uploads\/2022\/05\/IMG_20220503_125952-1149x1536.jpg 1149w, https:\/\/www.waldspielplatz-boenninghardt.de\/wp-content\/uploads\/2022\/05\/IMG_20220503_125952-1532x2048.jpg 1532w, https:\/\/www.waldspielplatz-boenninghardt.de\/wp-content\/uploads\/2022\/05\/IMG_20220503_125952-scaled.jpg 1916w\" sizes=\"auto, (max-width: 224px) 100vw, 224px\" \/> <img loading=\"lazy\" decoding=\"async\" class=\"alignnone size-medium wp-image-630\" src=\"https:\/\/www.waldspielplatz-boenninghardt.de\/wp-content\/uploads\/2022\/05\/IMG_20220503_125939-224x300.jpg\" alt=\"\" width=\"224\" height=\"300\" srcset=\"https:\/\/www.waldspielplatz-boenninghardt.de\/wp-content\/uploads\/2022\/05\/IMG_20220503_125939-224x300.jpg 224w, https:\/\/www.waldspielplatz-boenninghardt.de\/wp-content\/uploads\/2022\/05\/IMG_20220503_125939-1122x1500.jpg 1122w, https:\/\/www.waldspielplatz-boenninghardt.de\/wp-content\/uploads\/2022\/05\/IMG_20220503_125939-1149x1536.jpg 1149w, https:\/\/www.waldspielplatz-boenninghardt.de\/wp-content\/uploads\/2022\/05\/IMG_20220503_125939-1532x2048.jpg 1532w, https:\/\/www.waldspielplatz-boenninghardt.de\/wp-content\/uploads\/2022\/05\/IMG_20220503_125939-scaled.jpg 1916w\" sizes=\"auto, (max-width: 224px) 100vw, 224px\" \/><\/p>\n<p><strong>\u00d6ffnungszeiten Waldb\u00fcdchen:<\/strong><\/p>\n<p>Montag Ruhetag<strong><br \/>\n<\/strong><strong>Dienstag &#8211; Freitag 15:00 &#8211; 18:00 Uhr<br \/>\n<\/strong><strong>Samstag u. Sonntag 12:00 &#8211; 18:00 Uhr<br \/>\n<\/strong><br \/>\nBetrieben wird das Waldb\u00fcdchen von:<\/p>\n<p><strong>Brigitte Kellerbach<br \/>\n<\/strong>Mobil: 0173-4786360<br \/>\nE-Mail: <a href=\"https:\/\/www.waldspielplatz-boenninghardt.de\/index.php\/kontakt\/\">Kontaktformular<\/a><\/p>\n<p>&nbsp;<\/p>\n","protected":false},"excerpt":{"rendered":"<p>Auf unserem Spielplatz befindet sich auch ein Kiosk, wo man Getr\u00e4nke und einige Speisen (u. a. leckeren selbst gebackenen Kuchen) kaufen kann. Ebenso k\u00f6nnen Biertischgarnituren mit Tischen und B\u00e4nken und ein Grill gegen ein Entgeld geliehen werden. &nbsp; \u00d6ffnungszeiten Waldb\u00fcdchen: &hellip; <a href=\"https:\/\/www.waldspielplatz-boenninghardt.de\/index.php\/kiosk\/\">Weiterlesen <span class=\"meta-nav\">&rarr;<\/span><\/a><\/p>\n","protected":false},"author":1,"featured_media":314,"parent":0,"menu_order":3,"comment_status":"closed","ping_status":"closed","template":"","meta":{"footnotes":""},"class_list":["post-214","page","type-page","status-publish","has-post-thumbnail","hentry"],"_links":{"self":[{"href":"https:\/\/www.waldspielplatz-boenninghardt.de\/index.php\/wp-json\/wp\/v2\/pages\/214","targetHints":{"allow":["GET"]}}],"collection":[{"href":"https:\/\/www.waldspielplatz-boenninghardt.de\/index.php\/wp-json\/wp\/v2\/pages"}],"about":[{"href":"https:\/\/www.waldspielplatz-boenninghardt.de\/index.php\/wp-json\/wp\/v2\/types\/page"}],"author":[{"embeddable":true,"href":"https:\/\/www.waldspielplatz-boenninghardt.de\/index.php\/wp-json\/wp\/v2\/users\/1"}],"replies":[{"embeddable":true,"href":"https:\/\/www.waldspielplatz-boenninghardt.de\/index.php\/wp-json\/wp\/v2\/comments?post=214"}],"version-history":[{"count":30,"href":"https:\/\/www.waldspielplatz-boenninghardt.de\/index.php\/wp-json\/wp\/v2\/pages\/214\/revisions"}],"predecessor-version":[{"id":2120,"href":"https:\/\/www.waldspielplatz-boenninghardt.de\/index.php\/wp-json\/wp\/v2\/pages\/214\/revisions\/2120"}],"wp:featuredmedia":[{"embeddable":true,"href":"https:\/\/www.waldspielplatz-boenninghardt.de\/index.php\/wp-json\/wp\/v2\/media\/314"}],"wp:attachment":[{"href":"https:\/\/www.waldspielplatz-boenninghardt.de\/index.php\/wp-json\/wp\/v2\/media?parent=214"}],"curies":[{"name":"wp","href":"https:\/\/api.w.org\/{rel}","templated":true}]}}