{"id":226,"date":"2016-01-13T20:29:37","date_gmt":"2016-01-13T19:29:37","guid":{"rendered":"http:\/\/www.waldspielplatz-boenninghardt.de\/?page_id=226"},"modified":"2023-05-05T08:03:12","modified_gmt":"2023-05-05T06:03:12","slug":"spenden","status":"publish","type":"page","link":"https:\/\/www.waldspielplatz-boenninghardt.de\/index.php\/spenden\/","title":{"rendered":"! SPENDEN !"},"content":{"rendered":"<p>Unser Verein ist auf Spenden angewiesen. Wer uns helfen m\u00f6chte, darf dies gerne tun.<\/p>\n<p>Eine einfache und kostenlose Art uns zu helfen, ist etwas online \u00fcber unseren Bildungsspender-Link bei einem Online-Kaufhaus einzukaufen. Das ist f\u00fcr den K\u00e4ufer kostenlos, und wir bekommen eine kleine Provision als Spende. Bestimmt ist auch ein f\u00fcr euch interessanter Onlineshop dabei:<a href=\"https:\/\/www.bildungsspender.de\/foerderverein-boenninhardt\" target=\"_blank\" rel=\"noopener\"><br \/>\n<img loading=\"lazy\" decoding=\"async\" title=\"Hier geht's zu unserem Spenden-Shop.\" src=\"https:\/\/www.bildungsspender.org\/extern\/images\/verein_150_200.gif\" alt=\"Hier geht's zu unserem Spenden-Shop.\" width=\"150\" height=\"200\" border=\"0\" \/><\/a> Dazu einfach auf den Link <strong>&#8222;<a href=\"https:\/\/www.bildungsspender.de\/foerderverein-boenninhardt\">Ich helfe mit<\/a>&#8222;<\/strong> klicken.<\/p>\n","protected":false},"excerpt":{"rendered":"<p>Unser Verein ist auf Spenden angewiesen. Wer uns helfen m\u00f6chte, darf dies gerne tun. Eine einfache und kostenlose Art uns zu helfen, ist etwas online \u00fcber unseren Bildungsspender-Link bei einem Online-Kaufhaus einzukaufen. Das ist f\u00fcr den K\u00e4ufer kostenlos, und wir &hellip; <a href=\"https:\/\/www.waldspielplatz-boenninghardt.de\/index.php\/spenden\/\">Weiterlesen <span class=\"meta-nav\">&rarr;<\/span><\/a><\/p>\n","protected":false},"author":1,"featured_media":0,"parent":0,"menu_order":0,"comment_status":"closed","ping_status":"closed","template":"","meta":{"footnotes":""},"class_list":["post-226","page","type-page","status-publish","hentry"],"_links":{"self":[{"href":"https:\/\/www.waldspielplatz-boenninghardt.de\/index.php\/wp-json\/wp\/v2\/pages\/226","targetHints":{"allow":["GET"]}}],"collection":[{"href":"https:\/\/www.waldspielplatz-boenninghardt.de\/index.php\/wp-json\/wp\/v2\/pages"}],"about":[{"href":"https:\/\/www.waldspielplatz-boenninghardt.de\/index.php\/wp-json\/wp\/v2\/types\/page"}],"author":[{"embeddable":true,"href":"https:\/\/www.waldspielplatz-boenninghardt.de\/index.php\/wp-json\/wp\/v2\/users\/1"}],"replies":[{"embeddable":true,"href":"https:\/\/www.waldspielplatz-boenninghardt.de\/index.php\/wp-json\/wp\/v2\/comments?post=226"}],"version-history":[{"count":11,"href":"https:\/\/www.waldspielplatz-boenninghardt.de\/index.php\/wp-json\/wp\/v2\/pages\/226\/revisions"}],"predecessor-version":[{"id":665,"href":"https:\/\/www.waldspielplatz-boenninghardt.de\/index.php\/wp-json\/wp\/v2\/pages\/226\/revisions\/665"}],"wp:attachment":[{"href":"https:\/\/www.waldspielplatz-boenninghardt.de\/index.php\/wp-json\/wp\/v2\/media?parent=226"}],"curies":[{"name":"wp","href":"https:\/\/api.w.org\/{rel}","templated":true}]}}