{"id":29,"date":"2015-11-14T12:25:50","date_gmt":"2015-11-14T11:25:50","guid":{"rendered":"http:\/\/www.waldspielplatz-boenninghardt.de\/?page_id=29"},"modified":"2024-03-16T11:44:59","modified_gmt":"2024-03-16T10:44:59","slug":"spielgeraete","status":"publish","type":"page","link":"https:\/\/www.waldspielplatz-boenninghardt.de\/index.php\/spielgeraete\/","title":{"rendered":"Spielplatz"},"content":{"rendered":"<p>Hier k\u00f6nnt Ihr unseren Spielplatz virtuell erkunden:<\/p>\n<p><a href=\"http:\/\/spielplatz.akkroell.de\/panorama\/Spielplatz_2016.html\">zur Erkundungstour im Jahre 2016-&gt;<\/a><\/p>\n<p>zum weiter kommen einfach auf die weiss umrandeten Fl\u00e4chen klicken.<\/p>\n<p><strong>Hier findet ihr eine \u00dcbersicht \u00fcber unsere Spielger\u00e4te:<\/strong><\/p>\n<ul>\n<li><a href=\"https:\/\/www.waldspielplatz-boenninghardt.de\/index.php\/2016\/01\/19\/klettergeruest-mit-rutsche\/\">R\u00e4uber-H\u00fcgel &#8211; Kletterger\u00fcst mit Rutsche<\/a><\/li>\n<li><a href=\"https:\/\/www.waldspielplatz-boenninghardt.de\/index.php\/2015\/10\/15\/kleines-spielhaus\/\">Kleines Spielhaus<\/a><\/li>\n<li><a href=\"https:\/\/www.waldspielplatz-boenninghardt.de\/index.php\/2014\/12\/08\/piratenschiff-janine\/\">Piratenschiff Janine<\/a><\/li>\n<li><a href=\"https:\/\/www.waldspielplatz-boenninghardt.de\/index.php\/2014\/10\/30\/seil-kletterturm\/\">Seil-Kletterturm<\/a><\/li>\n<li><a href=\"https:\/\/www.waldspielplatz-boenninghardt.de\/index.php\/2014\/11\/15\/haenge-karoussel\/\">H\u00e4nge-Karoussel<\/a><\/li>\n<li><a href=\"https:\/\/www.waldspielplatz-boenninghardt.de\/index.php\/2012\/09\/15\/spielturm-mit-rutsche\/\">Spiel- und Kletterturm mit Rutsche<\/a><\/li>\n<li><a href=\"https:\/\/www.waldspielplatz-boenninghardt.de\/index.php\/2012\/08\/15\/seilbahn\/\">Seilbahn<\/a><\/li>\n<li><a href=\"https:\/\/www.waldspielplatz-boenninghardt.de\/index.php\/2011\/04\/15\/nestschaukel\/\">Nestschaukel<\/a><\/li>\n<li><a href=\"https:\/\/www.waldspielplatz-boenninghardt.de\/?p=514&amp;preview=true\">Kleinkinderschaukel und Spiel-Traktor<\/a><\/li>\n<li><a href=\"https:\/\/www.waldspielplatz-boenninghardt.de\/index.php\/2010\/08\/15\/grosse-wippe-fuer-bis-zu-8-kinder\/\">Gro\u00dfe Wippe f\u00fcr bis zu 8 Kinder<\/a><\/li>\n<li><a href=\"https:\/\/www.waldspielplatz-boenninghardt.de\/index.php\/2010\/03\/15\/grosse-doppel-schaukel\/\">Gro\u00dfe Doppel-Schaukel<\/a><\/li>\n<li><a href=\"https:\/\/www.waldspielplatz-boenninghardt.de\/index.php\/1998\/05\/15\/dreh-karoussel-fuer-mehrere-kinder\/\">Dreh-Karoussel f\u00fcr mehrere Kinder<\/a><\/li>\n<li><a href=\"https:\/\/www.waldspielplatz-boenninghardt.de\/index.php\/1990\/05\/15\/kleine-wippe-fuer-2-kinder\/\">kleine Wippe f\u00fcr 2 Kinder<\/a><\/li>\n<li><a href=\"https:\/\/www.waldspielplatz-boenninghardt.de\/index.php\/1985\/03\/15\/kletterturm\/\">Kletter-Turm<\/a><\/li>\n<li><a href=\"https:\/\/www.waldspielplatz-boenninghardt.de\/index.php\/2007\/06\/15\/balancier-stern\/\">Balancier-Stern<\/a><\/li>\n<li><a href=\"https:\/\/www.waldspielplatz-boenninghardt.de\/index.php\/2010\/12\/30\/tischtennis-platte\/\">Tischtennis-Platte<\/a><\/li>\n<\/ul>\n<p><strong>Hunde auf dem Spielplatz:<\/strong><br \/>\nAuf dem gesamten Spielplatzgel\u00e4nde ist das Mitf\u00fchren von Hunden nicht erlaubt. Ausnahmen sind hier lediglich ausgebildete Assistenzhunde w\u00e4hrend ihres Dienstes.<\/p>\n","protected":false},"excerpt":{"rendered":"<p>Hier k\u00f6nnt Ihr unseren Spielplatz virtuell erkunden: zur Erkundungstour im Jahre 2016-&gt; zum weiter kommen einfach auf die weiss umrandeten Fl\u00e4chen klicken. Hier findet ihr eine \u00dcbersicht \u00fcber unsere Spielger\u00e4te: R\u00e4uber-H\u00fcgel &#8211; Kletterger\u00fcst mit Rutsche Kleines Spielhaus Piratenschiff Janine Seil-Kletterturm &hellip; <a href=\"https:\/\/www.waldspielplatz-boenninghardt.de\/index.php\/spielgeraete\/\">Weiterlesen <span class=\"meta-nav\">&rarr;<\/span><\/a><\/p>\n","protected":false},"author":1,"featured_media":4,"parent":0,"menu_order":0,"comment_status":"closed","ping_status":"closed","template":"","meta":{"footnotes":""},"class_list":["post-29","page","type-page","status-publish","has-post-thumbnail","hentry"],"_links":{"self":[{"href":"https:\/\/www.waldspielplatz-boenninghardt.de\/index.php\/wp-json\/wp\/v2\/pages\/29","targetHints":{"allow":["GET"]}}],"collection":[{"href":"https:\/\/www.waldspielplatz-boenninghardt.de\/index.php\/wp-json\/wp\/v2\/pages"}],"about":[{"href":"https:\/\/www.waldspielplatz-boenninghardt.de\/index.php\/wp-json\/wp\/v2\/types\/page"}],"author":[{"embeddable":true,"href":"https:\/\/www.waldspielplatz-boenninghardt.de\/index.php\/wp-json\/wp\/v2\/users\/1"}],"replies":[{"embeddable":true,"href":"https:\/\/www.waldspielplatz-boenninghardt.de\/index.php\/wp-json\/wp\/v2\/comments?post=29"}],"version-history":[{"count":20,"href":"https:\/\/www.waldspielplatz-boenninghardt.de\/index.php\/wp-json\/wp\/v2\/pages\/29\/revisions"}],"predecessor-version":[{"id":3308,"href":"https:\/\/www.waldspielplatz-boenninghardt.de\/index.php\/wp-json\/wp\/v2\/pages\/29\/revisions\/3308"}],"wp:featuredmedia":[{"embeddable":true,"href":"https:\/\/www.waldspielplatz-boenninghardt.de\/index.php\/wp-json\/wp\/v2\/media\/4"}],"wp:attachment":[{"href":"https:\/\/www.waldspielplatz-boenninghardt.de\/index.php\/wp-json\/wp\/v2\/media?parent=29"}],"curies":[{"name":"wp","href":"https:\/\/api.w.org\/{rel}","templated":true}]}}