{"id":556,"date":"2021-11-23T17:03:41","date_gmt":"2021-11-23T16:03:41","guid":{"rendered":"https:\/\/www.waldspielplatz-boenninghardt.de\/?page_id=556"},"modified":"2021-11-27T14:59:11","modified_gmt":"2021-11-27T13:59:11","slug":"wald-erlebnispfad","status":"publish","type":"page","link":"https:\/\/www.waldspielplatz-boenninghardt.de\/index.php\/wald-erlebnispfad\/","title":{"rendered":"Wald-Erlebnispfad"},"content":{"rendered":"<p>Im M\u00e4rz 2021 konnten wir unseren Wald-Erlebnispfad er\u00f6ffnen. Hier versuchen wir den Kindern die Natur n\u00e4her zu bringen. Auf Informationstafeln kann man sein Wissen \u00fcber die heimische Fauna und Flora (Tiere und Pflanzen) auffrischen. An weiteren Stationen kann man seine Motorik schulen, oder sich den Wald von oben anschauen. Unser Waldklassenzimmer l\u00e4dt zum Lernen an der frischen Luft ein und kann gerne f\u00fcr Veranstaltungen genutzt werden.<\/p>\n<p>weitere Infos findet ihr auf der eigenen Webseite von B\u00f6nni und Hardy: <a href=\"https:\/\/boenni-und-hardy.de\" target=\"_blank\" rel=\"noopener\">hier klicken!<\/a><\/p>\n<p>Hier hier k\u00f6nnt ihr unseren Wald-Erlebnispfad virtuell erkunden:<br \/>\n<a href=\"http:\/\/spielplatz.akkroell.de\/walderlebnispfad2021\/walderlebnispfad2021.html\" target=\"_blank\" rel=\"noopener\">Wald-Erlebnispfad im Sommer 2021<\/a><\/p>\n<p><a href=\"https:\/\/www.waldspielplatz-boenninghardt.de\/wp-content\/uploads\/2021\/11\/IMG_2578-scaled.jpeg\"><img loading=\"lazy\" decoding=\"async\" class=\"alignnone size-full wp-image-587\" src=\"https:\/\/www.waldspielplatz-boenninghardt.de\/wp-content\/uploads\/2021\/11\/IMG_2578-scaled.jpeg\" alt=\"\" width=\"2560\" height=\"1920\" srcset=\"https:\/\/www.waldspielplatz-boenninghardt.de\/wp-content\/uploads\/2021\/11\/IMG_2578-scaled.jpeg 2560w, https:\/\/www.waldspielplatz-boenninghardt.de\/wp-content\/uploads\/2021\/11\/IMG_2578-300x225.jpeg 300w, https:\/\/www.waldspielplatz-boenninghardt.de\/wp-content\/uploads\/2021\/11\/IMG_2578-1500x1125.jpeg 1500w, https:\/\/www.waldspielplatz-boenninghardt.de\/wp-content\/uploads\/2021\/11\/IMG_2578-1536x1152.jpeg 1536w, https:\/\/www.waldspielplatz-boenninghardt.de\/wp-content\/uploads\/2021\/11\/IMG_2578-2048x1536.jpeg 2048w, https:\/\/www.waldspielplatz-boenninghardt.de\/wp-content\/uploads\/2021\/11\/IMG_2578-400x300.jpeg 400w\" sizes=\"auto, (max-width: 2560px) 100vw, 2560px\" \/><\/a><\/p>\n<p><a href=\"https:\/\/www.waldspielplatz-boenninghardt.de\/wp-content\/uploads\/2021\/11\/IMG_2589-scaled.jpeg\"><img loading=\"lazy\" decoding=\"async\" class=\"alignnone size-full wp-image-586\" src=\"https:\/\/www.waldspielplatz-boenninghardt.de\/wp-content\/uploads\/2021\/11\/IMG_2589-scaled.jpeg\" alt=\"\" width=\"1920\" height=\"2560\" srcset=\"https:\/\/www.waldspielplatz-boenninghardt.de\/wp-content\/uploads\/2021\/11\/IMG_2589-scaled.jpeg 1920w, https:\/\/www.waldspielplatz-boenninghardt.de\/wp-content\/uploads\/2021\/11\/IMG_2589-225x300.jpeg 225w, https:\/\/www.waldspielplatz-boenninghardt.de\/wp-content\/uploads\/2021\/11\/IMG_2589-1125x1500.jpeg 1125w, https:\/\/www.waldspielplatz-boenninghardt.de\/wp-content\/uploads\/2021\/11\/IMG_2589-1152x1536.jpeg 1152w, https:\/\/www.waldspielplatz-boenninghardt.de\/wp-content\/uploads\/2021\/11\/IMG_2589-1536x2048.jpeg 1536w\" sizes=\"auto, (max-width: 1920px) 100vw, 1920px\" \/><\/a>\u00a0 <a href=\"https:\/\/www.waldspielplatz-boenninghardt.de\/wp-content\/uploads\/2021\/11\/IMG_2534-scaled.jpeg\"><img loading=\"lazy\" decoding=\"async\" class=\"alignnone size-full wp-image-588\" src=\"https:\/\/www.waldspielplatz-boenninghardt.de\/wp-content\/uploads\/2021\/11\/IMG_2534-scaled.jpeg\" alt=\"\" width=\"2560\" height=\"1920\" srcset=\"https:\/\/www.waldspielplatz-boenninghardt.de\/wp-content\/uploads\/2021\/11\/IMG_2534-scaled.jpeg 2560w, https:\/\/www.waldspielplatz-boenninghardt.de\/wp-content\/uploads\/2021\/11\/IMG_2534-300x225.jpeg 300w, https:\/\/www.waldspielplatz-boenninghardt.de\/wp-content\/uploads\/2021\/11\/IMG_2534-1500x1125.jpeg 1500w, https:\/\/www.waldspielplatz-boenninghardt.de\/wp-content\/uploads\/2021\/11\/IMG_2534-1536x1152.jpeg 1536w, https:\/\/www.waldspielplatz-boenninghardt.de\/wp-content\/uploads\/2021\/11\/IMG_2534-2048x1536.jpeg 2048w, https:\/\/www.waldspielplatz-boenninghardt.de\/wp-content\/uploads\/2021\/11\/IMG_2534-400x300.jpeg 400w\" sizes=\"auto, (max-width: 2560px) 100vw, 2560px\" \/><\/a> <a href=\"https:\/\/www.waldspielplatz-boenninghardt.de\/wp-content\/uploads\/2021\/11\/IMG_2537-scaled.jpeg\"><img loading=\"lazy\" decoding=\"async\" class=\"alignnone size-full wp-image-589\" src=\"https:\/\/www.waldspielplatz-boenninghardt.de\/wp-content\/uploads\/2021\/11\/IMG_2537-scaled.jpeg\" alt=\"\" width=\"2560\" height=\"1920\" srcset=\"https:\/\/www.waldspielplatz-boenninghardt.de\/wp-content\/uploads\/2021\/11\/IMG_2537-scaled.jpeg 2560w, https:\/\/www.waldspielplatz-boenninghardt.de\/wp-content\/uploads\/2021\/11\/IMG_2537-300x225.jpeg 300w, https:\/\/www.waldspielplatz-boenninghardt.de\/wp-content\/uploads\/2021\/11\/IMG_2537-1500x1125.jpeg 1500w, https:\/\/www.waldspielplatz-boenninghardt.de\/wp-content\/uploads\/2021\/11\/IMG_2537-1536x1152.jpeg 1536w, https:\/\/www.waldspielplatz-boenninghardt.de\/wp-content\/uploads\/2021\/11\/IMG_2537-2048x1536.jpeg 2048w, https:\/\/www.waldspielplatz-boenninghardt.de\/wp-content\/uploads\/2021\/11\/IMG_2537-400x300.jpeg 400w\" sizes=\"auto, (max-width: 2560px) 100vw, 2560px\" \/><\/a> <a href=\"https:\/\/www.waldspielplatz-boenninghardt.de\/wp-content\/uploads\/2021\/11\/IMG_2540-scaled.jpeg\"><img loading=\"lazy\" decoding=\"async\" class=\"alignnone size-full wp-image-590\" src=\"https:\/\/www.waldspielplatz-boenninghardt.de\/wp-content\/uploads\/2021\/11\/IMG_2540-scaled.jpeg\" alt=\"\" width=\"2560\" height=\"1920\" srcset=\"https:\/\/www.waldspielplatz-boenninghardt.de\/wp-content\/uploads\/2021\/11\/IMG_2540-scaled.jpeg 2560w, https:\/\/www.waldspielplatz-boenninghardt.de\/wp-content\/uploads\/2021\/11\/IMG_2540-300x225.jpeg 300w, https:\/\/www.waldspielplatz-boenninghardt.de\/wp-content\/uploads\/2021\/11\/IMG_2540-1500x1125.jpeg 1500w, https:\/\/www.waldspielplatz-boenninghardt.de\/wp-content\/uploads\/2021\/11\/IMG_2540-1536x1152.jpeg 1536w, https:\/\/www.waldspielplatz-boenninghardt.de\/wp-content\/uploads\/2021\/11\/IMG_2540-2048x1536.jpeg 2048w, https:\/\/www.waldspielplatz-boenninghardt.de\/wp-content\/uploads\/2021\/11\/IMG_2540-400x300.jpeg 400w\" sizes=\"auto, (max-width: 2560px) 100vw, 2560px\" \/><\/a> <a href=\"https:\/\/www.waldspielplatz-boenninghardt.de\/wp-content\/uploads\/2021\/11\/IMG_2541-scaled.jpeg\"><img loading=\"lazy\" decoding=\"async\" class=\"alignnone size-full wp-image-591\" src=\"https:\/\/www.waldspielplatz-boenninghardt.de\/wp-content\/uploads\/2021\/11\/IMG_2541-scaled.jpeg\" alt=\"\" width=\"1920\" height=\"2560\" srcset=\"https:\/\/www.waldspielplatz-boenninghardt.de\/wp-content\/uploads\/2021\/11\/IMG_2541-scaled.jpeg 1920w, https:\/\/www.waldspielplatz-boenninghardt.de\/wp-content\/uploads\/2021\/11\/IMG_2541-225x300.jpeg 225w, https:\/\/www.waldspielplatz-boenninghardt.de\/wp-content\/uploads\/2021\/11\/IMG_2541-1125x1500.jpeg 1125w, https:\/\/www.waldspielplatz-boenninghardt.de\/wp-content\/uploads\/2021\/11\/IMG_2541-1152x1536.jpeg 1152w, https:\/\/www.waldspielplatz-boenninghardt.de\/wp-content\/uploads\/2021\/11\/IMG_2541-1536x2048.jpeg 1536w\" sizes=\"auto, (max-width: 1920px) 100vw, 1920px\" \/><\/a><\/p>\n","protected":false},"excerpt":{"rendered":"<p>Im M\u00e4rz 2021 konnten wir unseren Wald-Erlebnispfad er\u00f6ffnen. Hier versuchen wir den Kindern die Natur n\u00e4her zu bringen. Auf Informationstafeln kann man sein Wissen \u00fcber die heimische Fauna und Flora (Tiere und Pflanzen) auffrischen. An weiteren Stationen kann man seine &hellip; <a href=\"https:\/\/www.waldspielplatz-boenninghardt.de\/index.php\/wald-erlebnispfad\/\">Weiterlesen <span class=\"meta-nav\">&rarr;<\/span><\/a><\/p>\n","protected":false},"author":1,"featured_media":589,"parent":0,"menu_order":0,"comment_status":"closed","ping_status":"closed","template":"","meta":{"footnotes":""},"class_list":["post-556","page","type-page","status-publish","has-post-thumbnail","hentry"],"_links":{"self":[{"href":"https:\/\/www.waldspielplatz-boenninghardt.de\/index.php\/wp-json\/wp\/v2\/pages\/556","targetHints":{"allow":["GET"]}}],"collection":[{"href":"https:\/\/www.waldspielplatz-boenninghardt.de\/index.php\/wp-json\/wp\/v2\/pages"}],"about":[{"href":"https:\/\/www.waldspielplatz-boenninghardt.de\/index.php\/wp-json\/wp\/v2\/types\/page"}],"author":[{"embeddable":true,"href":"https:\/\/www.waldspielplatz-boenninghardt.de\/index.php\/wp-json\/wp\/v2\/users\/1"}],"replies":[{"embeddable":true,"href":"https:\/\/www.waldspielplatz-boenninghardt.de\/index.php\/wp-json\/wp\/v2\/comments?post=556"}],"version-history":[{"count":8,"href":"https:\/\/www.waldspielplatz-boenninghardt.de\/index.php\/wp-json\/wp\/v2\/pages\/556\/revisions"}],"predecessor-version":[{"id":598,"href":"https:\/\/www.waldspielplatz-boenninghardt.de\/index.php\/wp-json\/wp\/v2\/pages\/556\/revisions\/598"}],"wp:featuredmedia":[{"embeddable":true,"href":"https:\/\/www.waldspielplatz-boenninghardt.de\/index.php\/wp-json\/wp\/v2\/media\/589"}],"wp:attachment":[{"href":"https:\/\/www.waldspielplatz-boenninghardt.de\/index.php\/wp-json\/wp\/v2\/media?parent=556"}],"curies":[{"name":"wp","href":"https:\/\/api.w.org\/{rel}","templated":true}]}}